{"id":206,"date":"2023-03-28T04:35:12","date_gmt":"2023-03-28T04:35:12","guid":{"rendered":"https:\/\/cozystay.loftocean.com\/apartment\/?page_id=206"},"modified":"2025-02-22T09:48:30","modified_gmt":"2025-02-22T09:48:30","slug":"contact-hotel-korce","status":"publish","type":"page","link":"https:\/\/hanipazarit.al\/sq\/contact-hotel-korce\/","title":{"rendered":"Contact"},"content":{"rendered":"<div data-elementor-type=\"wp-page\" data-elementor-id=\"206\" class=\"elementor elementor-206\" data-elementor-post-type=\"page\">\n\t\t\t\t<div class=\"elementor-element elementor-element-b318185 cs-section-content-fullwidth cs-parallax-on-scroll cs_scroll_y_80 e-flex e-con-boxed e-con e-parent\" data-id=\"b318185\" data-element_type=\"container\" data-e-type=\"container\" data-settings=\"{&quot;background_background&quot;:&quot;classic&quot;}\" data-cs-parallax-y=\"80\" style=\"background-image: none;\" data-cs-background-image=\"https:\/\/hanipazarit.al\/wp-content\/uploads\/2024\/10\/FOT09935.jpg\" data-cs-background-image-alt-text=\"\">\n\t\t\t\t\t<div class=\"e-con-inner\">\n\t\t<div class=\"elementor-element elementor-element-a0229b1 dark-color e-con-full e-flex e-con e-child\" data-id=\"a0229b1\" data-element_type=\"container\" data-e-type=\"container\">\n\t\t\t\t<div class=\"elementor-element elementor-element-ed1471f elementor-widget elementor-widget-cs_title\" data-id=\"ed1471f\" data-element_type=\"widget\" data-e-type=\"widget\" data-widget_type=\"cs_title.default\">\n\t\t\t\t<div class=\"elementor-widget-container\">\n\t\t\t\t\t\n        <div class=\"cs-title-wrap text-center\">\t            <h1 class=\"cs-title\">\n\t                Na Kontaktoni\t            <\/h1>\t            <div class=\"cs-title-text\">\n\t                <p>P\u00ebr rezervime dhe pyetje, ju lutem na telefononi ose na shkruani.<\/p>\t            <\/div>        <\/div>\t\t\t\t<\/div>\n\t\t\t\t<\/div>\n\t\t\t\t<\/div>\n\t\t\t\t\t<\/div>\n\t\t\t\t<\/div>\n\t\t\t\t<section class=\"elementor-section elementor-top-section elementor-element elementor-element-02b5c4f elementor-section-content-middle cs-section-content-fullwidth cs-animation-small-offset elementor-section-boxed elementor-section-height-default elementor-section-height-default elementor-invisible\" data-id=\"02b5c4f\" data-element_type=\"section\" data-e-type=\"section\" data-settings=\"{&quot;background_background&quot;:&quot;classic&quot;,&quot;animation&quot;:&quot;fadeInUp&quot;,&quot;animation_delay&quot;:200}\">\n\t\t\t\t\t\t<div class=\"elementor-container elementor-column-gap-no\">\n\t\t\t\t\t<div class=\"elementor-column elementor-col-66 elementor-top-column elementor-element elementor-element-1e73da8\" data-id=\"1e73da8\" data-element_type=\"column\" data-e-type=\"column\">\n\t\t\t<div class=\"elementor-widget-wrap elementor-element-populated\">\n\t\t\t\t\t\t<div class=\"elementor-element elementor-element-46a0dbd elementor-widget elementor-widget-html\" data-id=\"46a0dbd\" data-element_type=\"widget\" data-e-type=\"widget\" data-widget_type=\"html.default\">\n\t\t\t\t<div class=\"elementor-widget-container\">\n\t\t\t\t\t<iframe src=\"https:\/\/www.google.com\/maps\/embed?pb=!1m14!1m8!1m3!1d1800.7727543134297!2d20.77495725399527!3d40.618264917074214!3m2!1i1024!2i768!4f13.1!3m3!1m2!1s0x135a0badefacd719%3A0x9d15b88dc12c1c7!2sHANI%20i%20Pazarit%20%E2%80%9CBoutique%20Hotel%E2%80%9D!5e0!3m2!1sen!2s!4v1729089098823!5m2!1sen!2s\" width=\"600\" height=\"650\" style=\"border:0;\" allowfullscreen=\"\" loading=\"lazy\" referrerpolicy=\"no-referrer-when-downgrade\"><\/iframe>\t\t\t\t<\/div>\n\t\t\t\t<\/div>\n\t\t\t\t\t<\/div>\n\t\t<\/div>\n\t\t\t\t<div class=\"elementor-column elementor-col-33 elementor-top-column elementor-element elementor-element-202bc08\" data-id=\"202bc08\" data-element_type=\"column\" data-e-type=\"column\">\n\t\t\t<div class=\"elementor-widget-wrap elementor-element-populated\">\n\t\t\t\t\t\t<div class=\"elementor-element elementor-element-b465dbf elementor-widget elementor-widget-cs_title\" data-id=\"b465dbf\" data-element_type=\"widget\" data-e-type=\"widget\" data-widget_type=\"cs_title.default\">\n\t\t\t\t<div class=\"elementor-widget-container\">\n\t\t\t\t\t\n        <div class=\"cs-title-wrap text-center\">\t            <div class=\"cs-subtitle-wrap\"><span class=\"cs-subtitle\">Rezervim<\/span><\/div>\t            <h6 class=\"cs-title\">\n\t                Rezervime Direkte\t            <\/h6>\t            <div class=\"cs-title-text\">\n\t                <p>Email: <a href=\"mailto:bookings@hanipazarit.al\">bookings@hanipazarit.al<\/a><br \/>Telefon <a href=\"tel:+355697010055\">+355697010055<\/a><\/p>\t            <\/div>        <\/div>\t\t\t\t<\/div>\n\t\t\t\t<\/div>\n\t\t\t\t<div class=\"elementor-element elementor-element-5cfcfe7c elementor-widget elementor-widget-cs_title\" data-id=\"5cfcfe7c\" data-element_type=\"widget\" data-e-type=\"widget\" data-widget_type=\"cs_title.default\">\n\t\t\t\t<div class=\"elementor-widget-container\">\n\t\t\t\t\t\n        <div class=\"cs-title-wrap text-center\">\t            <div class=\"cs-subtitle-wrap\"><span class=\"cs-subtitle\">Adresa e Hotelit<\/span><\/div>\t            <h6 class=\"cs-title\">\n\t                Hani i Pazarit\t            <\/h6>\t            <div class=\"cs-title-text\">\n\t                <p><a href=\"https:\/\/maps.app.goo.gl\/NUm8E5TFnbQPmcEF8\">Rruga Kico Greco, Korce 7001 Albania<\/a><\/p>\t            <\/div>        <\/div>\t\t\t\t<\/div>\n\t\t\t\t<\/div>\n\t\t\t\t<div class=\"elementor-element elementor-element-8604730 elementor-widget elementor-widget-cs_social\" data-id=\"8604730\" data-element_type=\"widget\" data-e-type=\"widget\" data-widget_type=\"cs_social.default\">\n\t\t\t\t<div class=\"elementor-widget-container\">\n\t\t\t\t\t<nav id=\"8604730-social-menu-container\" class=\"social-navigation\"><ul id=\"8604730-social-menu\" class=\"social-nav menu text-center\"><li class=\"menu-item menu-item-type-custom menu-item-object-custom menu-item-290\"><a href=\"https:\/\/www.facebook.com\/\">Facebook<\/a><\/li>\n<li class=\"menu-item menu-item-type-custom menu-item-object-custom menu-item-291\"><a href=\"https:\/\/www.twitter.com\/\">Twitter<\/a><\/li>\n<li class=\"menu-item menu-item-type-custom menu-item-object-custom menu-item-292\"><a href=\"https:\/\/www.pinterest.com\/\">Pinterest<\/a><\/li>\n<li class=\"menu-item menu-item-type-custom menu-item-object-custom menu-item-293\"><a href=\"https:\/\/www.youtube.com\/\">YouTube<\/a><\/li>\n<li class=\"menu-item menu-item-type-custom menu-item-object-custom menu-item-294\"><a href=\"https:\/\/www.instagram.com\/\">Instagram<\/a><\/li>\n<\/ul><\/nav>\t\t\t\t<\/div>\n\t\t\t\t<\/div>\n\t\t\t\t\t<\/div>\n\t\t<\/div>\n\t\t\t\t\t<\/div>\n\t\t<\/section>\n\t\t\t\t<section class=\"elementor-section elementor-top-section elementor-element elementor-element-ea82f95 elementor-section-content-middle cs-section-content-fullwidth cs-animation-small-offset elementor-reverse-tablet elementor-reverse-mobile elementor-section-boxed elementor-section-height-default elementor-section-height-default elementor-invisible\" data-id=\"ea82f95\" data-element_type=\"section\" data-e-type=\"section\" data-settings=\"{&quot;background_background&quot;:&quot;classic&quot;,&quot;animation&quot;:&quot;fadeInUp&quot;,&quot;animation_delay&quot;:300}\">\n\t\t\t\t\t\t<div class=\"elementor-container elementor-column-gap-no\">\n\t\t\t\t\t<div class=\"elementor-column elementor-col-33 elementor-top-column elementor-element elementor-element-7032069\" data-id=\"7032069\" data-element_type=\"column\" data-e-type=\"column\" data-settings=\"{&quot;background_background&quot;:&quot;classic&quot;}\">\n\t\t\t<div class=\"elementor-widget-wrap elementor-element-populated\">\n\t\t\t\t\t\t<div class=\"elementor-element elementor-element-be2bdf3 elementor-widget elementor-widget-cs_title\" data-id=\"be2bdf3\" data-element_type=\"widget\" data-e-type=\"widget\" data-widget_type=\"cs_title.default\">\n\t\t\t\t<div class=\"elementor-widget-container\">\n\t\t\t\t\t\n        <div class=\"cs-title-wrap text-center\">\t            <div class=\"cs-subtitle-wrap\"><span class=\"cs-subtitle\">Keni ndonj\u00eb pyetje?<\/span><\/div>\t            <h6 class=\"cs-title\">\n\t                Le t\u00eb fillojm\u00eb nj\u00eb bised\u00eb\t            <\/h6>        <\/div>\t\t\t\t<\/div>\n\t\t\t\t<\/div>\n\t\t\t\t<div class=\"elementor-element elementor-element-07dd35b elementor-button-align-stretch elementor-widget elementor-widget-form\" data-id=\"07dd35b\" data-element_type=\"widget\" data-e-type=\"widget\" data-settings=\"{&quot;step_next_label&quot;:&quot;Next&quot;,&quot;step_previous_label&quot;:&quot;Previous&quot;,&quot;button_width&quot;:&quot;100&quot;,&quot;step_type&quot;:&quot;number_text&quot;,&quot;step_icon_shape&quot;:&quot;circle&quot;}\" data-widget_type=\"form.default\">\n\t\t\t\t<div class=\"elementor-widget-container\">\n\t\t\t\t\t\t\t<form class=\"elementor-form\" method=\"post\" name=\"Contact Form Website\" aria-label=\"Contact Form Website\" action=\"\">\n\t\t\t<input type=\"hidden\" name=\"post_id\" value=\"206\"\/>\n\t\t\t<input type=\"hidden\" name=\"form_id\" value=\"07dd35b\"\/>\n\t\t\t<input type=\"hidden\" name=\"referer_title\" value=\"Contact - Hani i Pazarit\" \/>\n\n\t\t\t\t\t\t\t<input type=\"hidden\" name=\"queried_id\" value=\"206\"\/>\n\t\t\t\n\t\t\t<div class=\"elementor-form-fields-wrapper elementor-labels-\">\n\t\t\t\t\t\t\t\t<div class=\"elementor-field-type-text elementor-field-group elementor-column elementor-field-group-name elementor-col-100 elementor-field-required\">\n\t\t\t\t\t\t\t\t\t\t\t\t<label for=\"form-field-name\" class=\"elementor-field-label elementor-screen-only\">\n\t\t\t\t\t\t\t\tName\t\t\t\t\t\t\t<\/label>\n\t\t\t\t\t\t\t\t\t\t\t\t\t\t<input size=\"1\" type=\"text\" name=\"form_fields[name]\" id=\"form-field-name\" class=\"elementor-field elementor-size-sm  elementor-field-textual\" placeholder=\"Name\" required=\"required\">\n\t\t\t\t\t\t\t\t\t\t\t<\/div>\n\t\t\t\t\t\t\t\t<div class=\"elementor-field-type-email elementor-field-group elementor-column elementor-field-group-email elementor-col-100 elementor-field-required\">\n\t\t\t\t\t\t\t\t\t\t\t\t<label for=\"form-field-email\" class=\"elementor-field-label elementor-screen-only\">\n\t\t\t\t\t\t\t\tEmail\t\t\t\t\t\t\t<\/label>\n\t\t\t\t\t\t\t\t\t\t\t\t\t\t<input size=\"1\" type=\"email\" name=\"form_fields[email]\" id=\"form-field-email\" class=\"elementor-field elementor-size-sm  elementor-field-textual\" placeholder=\"Email\" required=\"required\">\n\t\t\t\t\t\t\t\t\t\t\t<\/div>\n\t\t\t\t\t\t\t\t<div class=\"elementor-field-type-number elementor-field-group elementor-column elementor-field-group-field_678458e elementor-col-100 elementor-field-required\">\n\t\t\t\t\t\t\t\t\t\t\t\t<label for=\"form-field-field_678458e\" class=\"elementor-field-label elementor-screen-only\">\n\t\t\t\t\t\t\t\tPhone\t\t\t\t\t\t\t<\/label>\n\t\t\t\t\t\t\t\t\t<input type=\"number\" name=\"form_fields[field_678458e]\" id=\"form-field-field_678458e\" class=\"elementor-field elementor-size-sm  elementor-field-textual\" placeholder=\"Phone\" required=\"required\" min=\"\" max=\"\" >\n\t\t\t\t\t\t<\/div>\n\t\t\t\t\t\t\t\t<div class=\"elementor-field-type-textarea elementor-field-group elementor-column elementor-field-group-message elementor-col-100 elementor-field-required\">\n\t\t\t\t\t\t\t\t\t\t\t\t<label for=\"form-field-message\" class=\"elementor-field-label elementor-screen-only\">\n\t\t\t\t\t\t\t\tMessage\t\t\t\t\t\t\t<\/label>\n\t\t\t\t\t\t<textarea class=\"elementor-field-textual elementor-field  elementor-size-sm\" name=\"form_fields[message]\" id=\"form-field-message\" rows=\"5\" placeholder=\"Message\" required=\"required\"><\/textarea>\t\t\t\t<\/div>\n\t\t\t\t\t\t\t\t<div class=\"elementor-field-group elementor-column elementor-field-type-submit elementor-col-100 e-form__buttons\">\n\t\t\t\t\t<button class=\"elementor-button elementor-size-sm\" type=\"submit\">\n\t\t\t\t\t\t<span class=\"elementor-button-content-wrapper\">\n\t\t\t\t\t\t\t\t\t\t\t\t\t\t\t\t\t\t\t\t\t\t<span class=\"elementor-button-text\">Send<\/span>\n\t\t\t\t\t\t\t\t\t\t\t\t\t<\/span>\n\t\t\t\t\t<\/button>\n\t\t\t\t<\/div>\n\t\t\t<\/div>\n\t\t<input type=\"hidden\" name=\"trp-form-language\" value=\"sq\"\/><\/form>\n\t\t\t\t\t\t<\/div>\n\t\t\t\t<\/div>\n\t\t\t\t\t<\/div>\n\t\t<\/div>\n\t\t\t\t<div class=\"elementor-column elementor-col-66 elementor-top-column elementor-element elementor-element-7bcdc74\" data-id=\"7bcdc74\" data-element_type=\"column\" data-e-type=\"column\" data-settings=\"{&quot;background_background&quot;:&quot;classic&quot;}\">\n\t\t\t<div class=\"elementor-widget-wrap elementor-element-populated\">\n\t\t\t\t\t\t<div class=\"elementor-element elementor-element-5294c31 elementor-widget elementor-widget-spacer\" data-id=\"5294c31\" data-element_type=\"widget\" data-e-type=\"widget\" data-widget_type=\"spacer.default\">\n\t\t\t\t<div class=\"elementor-widget-container\">\n\t\t\t\t\t\t\t<div class=\"elementor-spacer\">\n\t\t\t<div class=\"elementor-spacer-inner\"><\/div>\n\t\t<\/div>\n\t\t\t\t\t\t<\/div>\n\t\t\t\t<\/div>\n\t\t\t\t\t<\/div>\n\t\t<\/div>\n\t\t\t\t\t<\/div>\n\t\t<\/section>\n\t\t\t\t<\/div>","protected":false},"excerpt":{"rendered":"<p>Contact Us For bookings and enquiries, please call us or write to us. Reservation Direct Reservations Email: bookings@hanipazarit.alCall: +355697010055 Hotel Address Hani i Pazarit Rruga Kico Greco, Korce 7001 Albania Facebook Twitter Pinterest YouTube Instagram Have any questions? Let&#8217;s start a conversation<\/p>","protected":false},"author":1,"featured_media":0,"parent":0,"menu_order":0,"comment_status":"closed","ping_status":"closed","template":"template-wide-content.php","meta":{"cozystay_single_page_hide_site_header":"","cozystay_single_page_site_header_source":"","cozystay_single_page_custom_site_header":"0","cozystay_single_page_custom_sticky_site_header":"0","cozystay_single_page_hide_page_title":"on","cozystay_single_page_header_section_size":"","cozystay_single_page_header_background_color":"","cozystay_single_page_header_background_position_x":"center","cozystay_single_page_header_background_position_y":"center","cozystay_single_page_header_background_size":"cover","cozystay_single_page_header_background_repeat":"off","cozystay_single_page_header_background_scroll":"on","cozystay_single_page_header_text_color":"","cozystay_single_page_header_show_breadcrumb":"","cozystay_single_page_site_footer_hide_main":"","cozystay_single_custom_site_footer_main_source":"","cozystay_single_custom_site_footer_main":"0","cozystay_single_page_site_footer_hide_above":"","cozystay_single_custom_site_footer_above_source":"","cozystay_single_custom_site_footer_above":"0","cozystay_single_page_site_footer_hide_instagram":"","cozystay_single_page_site_footer_hide_bottom":"","cozystay_single_custom_mobile_menu_source":"","cozystay_single_custom_mobile_menu":"0","cozystay_single_custom_mobile_menu_animation":"","cozystay_single_custom_mobile_menu_width":"","cozystay_single_custom_mobile_menu_custom_width":375,"footnotes":""},"class_list":["post-206","page","type-page","status-publish","hentry"],"yoast_head":"<!-- This site is optimized with the Yoast SEO plugin v25.6 - https:\/\/yoast.com\/wordpress\/plugins\/seo\/ -->\n<title>Contact - Hani i Pazarit<\/title>\n<meta name=\"description\" content=\"Lidhu me Hani Pazarit p\u00ebr rezervime dhe pyetje. Jemi k\u00ebtu p\u00ebr t&#039;ju ndihmuar t\u00eb planifikoni q\u00ebndrimin tuaj perfekt n\u00eb Kor\u00e7\u00eb.\" \/>\n<meta name=\"robots\" content=\"index, follow, max-snippet:-1, max-image-preview:large, max-video-preview:-1\" \/>\n<link rel=\"canonical\" href=\"https:\/\/hanipazarit.al\/sq\/contact-hotel-korce\/\" \/>\n<meta property=\"og:locale\" content=\"sq_AL\" \/>\n<meta property=\"og:type\" content=\"article\" \/>\n<meta property=\"og:title\" content=\"Contact - Hani i Pazarit\" \/>\n<meta property=\"og:description\" content=\"Lidhu me Hani Pazarit p\u00ebr rezervime dhe pyetje. Jemi k\u00ebtu p\u00ebr t&#039;ju ndihmuar t\u00eb planifikoni q\u00ebndrimin tuaj perfekt n\u00eb Kor\u00e7\u00eb.\" \/>\n<meta property=\"og:url\" content=\"https:\/\/hanipazarit.al\/sq\/contact-hotel-korce\/\" \/>\n<meta property=\"og:site_name\" content=\"Hani i Pazarit\" \/>\n<meta property=\"article:modified_time\" content=\"2025-02-22T09:48:30+00:00\" \/>\n<meta name=\"twitter:card\" content=\"summary_large_image\" \/>\n<meta name=\"twitter:label1\" content=\"Est. reading time\" \/>\n\t<meta name=\"twitter:data1\" content=\"1 minut\u00eb\" \/>\n<script type=\"application\/ld+json\" class=\"yoast-schema-graph\">{\"@context\":\"https:\/\/schema.org\",\"@graph\":[{\"@type\":\"WebPage\",\"@id\":\"https:\/\/hanipazarit.al\/contact-hotel-korce\/\",\"url\":\"https:\/\/hanipazarit.al\/contact-hotel-korce\/\",\"name\":\"Contact - Hani i Pazarit\",\"isPartOf\":{\"@id\":\"https:\/\/hanipazarit.al\/#website\"},\"datePublished\":\"2023-03-28T04:35:12+00:00\",\"dateModified\":\"2025-02-22T09:48:30+00:00\",\"description\":\"Lidhu me Hani Pazarit p\u00ebr rezervime dhe pyetje. Jemi k\u00ebtu p\u00ebr t'ju ndihmuar t\u00eb planifikoni q\u00ebndrimin tuaj perfekt n\u00eb Kor\u00e7\u00eb.\",\"breadcrumb\":{\"@id\":\"https:\/\/hanipazarit.al\/contact-hotel-korce\/#breadcrumb\"},\"inLanguage\":\"sq\",\"potentialAction\":[{\"@type\":\"ReadAction\",\"target\":[\"https:\/\/hanipazarit.al\/contact-hotel-korce\/\"]}]},{\"@type\":\"BreadcrumbList\",\"@id\":\"https:\/\/hanipazarit.al\/contact-hotel-korce\/#breadcrumb\",\"itemListElement\":[{\"@type\":\"ListItem\",\"position\":1,\"name\":\"Home\",\"item\":\"https:\/\/hanipazarit.al\/\"},{\"@type\":\"ListItem\",\"position\":2,\"name\":\"Contact\"}]},{\"@type\":\"WebSite\",\"@id\":\"https:\/\/hanipazarit.al\/#website\",\"url\":\"https:\/\/hanipazarit.al\/\",\"name\":\"Hani i Pazarit\",\"description\":\"Hotel ne korce\",\"publisher\":{\"@id\":\"https:\/\/hanipazarit.al\/#organization\"},\"potentialAction\":[{\"@type\":\"SearchAction\",\"target\":{\"@type\":\"EntryPoint\",\"urlTemplate\":\"https:\/\/hanipazarit.al\/?s={search_term_string}\"},\"query-input\":{\"@type\":\"PropertyValueSpecification\",\"valueRequired\":true,\"valueName\":\"search_term_string\"}}],\"inLanguage\":\"sq\"},{\"@type\":\"Organization\",\"@id\":\"https:\/\/hanipazarit.al\/#organization\",\"name\":\"Hani i Pazarit\",\"url\":\"https:\/\/hanipazarit.al\/\",\"logo\":{\"@type\":\"ImageObject\",\"inLanguage\":\"sq\",\"@id\":\"https:\/\/hanipazarit.al\/#\/schema\/logo\/image\/\",\"url\":\"https:\/\/hanipazarit.al\/wp-content\/uploads\/2023\/03\/logo.png\",\"contentUrl\":\"https:\/\/hanipazarit.al\/wp-content\/uploads\/2023\/03\/logo.png\",\"width\":3937,\"height\":2203,\"caption\":\"Hani i Pazarit\"},\"image\":{\"@id\":\"https:\/\/hanipazarit.al\/#\/schema\/logo\/image\/\"}}]}<\/script>\n<!-- \/ Yoast SEO plugin. -->","yoast_head_json":{"title":"Contact - Hani i Pazarit","description":"Lidhu me Hani Pazarit p\u00ebr rezervime dhe pyetje. Jemi k\u00ebtu p\u00ebr t'ju ndihmuar t\u00eb planifikoni q\u00ebndrimin tuaj perfekt n\u00eb Kor\u00e7\u00eb.","robots":{"index":"index","follow":"follow","max-snippet":"max-snippet:-1","max-image-preview":"max-image-preview:large","max-video-preview":"max-video-preview:-1"},"canonical":"https:\/\/hanipazarit.al\/sq\/contact-hotel-korce\/","og_locale":"sq_AL","og_type":"article","og_title":"Contact - Hani i Pazarit","og_description":"Lidhu me Hani Pazarit p\u00ebr rezervime dhe pyetje. Jemi k\u00ebtu p\u00ebr t'ju ndihmuar t\u00eb planifikoni q\u00ebndrimin tuaj perfekt n\u00eb Kor\u00e7\u00eb.","og_url":"https:\/\/hanipazarit.al\/sq\/contact-hotel-korce\/","og_site_name":"Hani i Pazarit","article_modified_time":"2025-02-22T09:48:30+00:00","twitter_card":"summary_large_image","twitter_misc":{"Est. reading time":"1 minut\u00eb"},"schema":{"@context":"https:\/\/schema.org","@graph":[{"@type":"WebPage","@id":"https:\/\/hanipazarit.al\/contact-hotel-korce\/","url":"https:\/\/hanipazarit.al\/contact-hotel-korce\/","name":"Contact - Hani i Pazarit","isPartOf":{"@id":"https:\/\/hanipazarit.al\/#website"},"datePublished":"2023-03-28T04:35:12+00:00","dateModified":"2025-02-22T09:48:30+00:00","description":"Lidhu me Hani Pazarit p\u00ebr rezervime dhe pyetje. Jemi k\u00ebtu p\u00ebr t'ju ndihmuar t\u00eb planifikoni q\u00ebndrimin tuaj perfekt n\u00eb Kor\u00e7\u00eb.","breadcrumb":{"@id":"https:\/\/hanipazarit.al\/contact-hotel-korce\/#breadcrumb"},"inLanguage":"sq","potentialAction":[{"@type":"ReadAction","target":["https:\/\/hanipazarit.al\/contact-hotel-korce\/"]}]},{"@type":"BreadcrumbList","@id":"https:\/\/hanipazarit.al\/contact-hotel-korce\/#breadcrumb","itemListElement":[{"@type":"ListItem","position":1,"name":"Home","item":"https:\/\/hanipazarit.al\/"},{"@type":"ListItem","position":2,"name":"Contact"}]},{"@type":"WebSite","@id":"https:\/\/hanipazarit.al\/#website","url":"https:\/\/hanipazarit.al\/","name":"Hani i Pazarit","description":"Hotel ne korce","publisher":{"@id":"https:\/\/hanipazarit.al\/#organization"},"potentialAction":[{"@type":"SearchAction","target":{"@type":"EntryPoint","urlTemplate":"https:\/\/hanipazarit.al\/?s={search_term_string}"},"query-input":{"@type":"PropertyValueSpecification","valueRequired":true,"valueName":"search_term_string"}}],"inLanguage":"sq"},{"@type":"Organization","@id":"https:\/\/hanipazarit.al\/#organization","name":"Hani i Pazarit","url":"https:\/\/hanipazarit.al\/","logo":{"@type":"ImageObject","inLanguage":"sq","@id":"https:\/\/hanipazarit.al\/#\/schema\/logo\/image\/","url":"https:\/\/hanipazarit.al\/wp-content\/uploads\/2023\/03\/logo.png","contentUrl":"https:\/\/hanipazarit.al\/wp-content\/uploads\/2023\/03\/logo.png","width":3937,"height":2203,"caption":"Hani i Pazarit"},"image":{"@id":"https:\/\/hanipazarit.al\/#\/schema\/logo\/image\/"}}]}},"_links":{"self":[{"href":"https:\/\/hanipazarit.al\/sq\/wp-json\/wp\/v2\/pages\/206","targetHints":{"allow":["GET"]}}],"collection":[{"href":"https:\/\/hanipazarit.al\/sq\/wp-json\/wp\/v2\/pages"}],"about":[{"href":"https:\/\/hanipazarit.al\/sq\/wp-json\/wp\/v2\/types\/page"}],"author":[{"embeddable":true,"href":"https:\/\/hanipazarit.al\/sq\/wp-json\/wp\/v2\/users\/1"}],"replies":[{"embeddable":true,"href":"https:\/\/hanipazarit.al\/sq\/wp-json\/wp\/v2\/comments?post=206"}],"version-history":[{"count":12,"href":"https:\/\/hanipazarit.al\/sq\/wp-json\/wp\/v2\/pages\/206\/revisions"}],"predecessor-version":[{"id":2158,"href":"https:\/\/hanipazarit.al\/sq\/wp-json\/wp\/v2\/pages\/206\/revisions\/2158"}],"wp:attachment":[{"href":"https:\/\/hanipazarit.al\/sq\/wp-json\/wp\/v2\/media?parent=206"}],"curies":[{"name":"wp","href":"https:\/\/api.w.org\/{rel}","templated":true}]}}