{"id":1913,"date":"2024-10-18T13:32:42","date_gmt":"2024-10-18T13:32:42","guid":{"rendered":"https:\/\/hanipazarit.al\/?page_id=1913"},"modified":"2024-11-27T09:15:42","modified_gmt":"2024-11-27T09:15:42","slug":"privacy-policy","status":"publish","type":"page","link":"https:\/\/hanipazarit.al\/sq\/privacy-policy\/","title":{"rendered":"Politika e Privat\u00ebsis\u00eb"},"content":{"rendered":"<div data-elementor-type=\"wp-page\" data-elementor-id=\"1913\" class=\"elementor elementor-1913\" data-elementor-post-type=\"page\">\n\t\t\t\t\t\t<section class=\"elementor-section elementor-top-section elementor-element elementor-element-df19b59 elementor-section-height-min-height cs-section-content-fullwidth cs-parallax-on-scroll cs_scroll_y_80 elementor-section-boxed elementor-section-height-default elementor-section-items-middle\" data-id=\"df19b59\" data-element_type=\"section\" data-e-type=\"section\" data-settings=\"{&quot;background_background&quot;:&quot;classic&quot;}\" data-cs-parallax-y=\"80\" style=\"background-image: none;\" data-cs-background-image=\"https:\/\/hanipazarit.al\/wp-content\/uploads\/2024\/10\/FOT09935.jpg\" data-cs-background-image-alt-text=\"\">\n\t\t\t\t\t\t\t<div class=\"elementor-background-overlay\"><\/div>\n\t\t\t\t\t\t\t<div class=\"elementor-container elementor-column-gap-no\">\n\t\t\t\t\t<div class=\"elementor-column elementor-col-100 elementor-top-column elementor-element elementor-element-398db92 dark-color\" data-id=\"398db92\" data-element_type=\"column\" data-e-type=\"column\">\n\t\t\t<div class=\"elementor-widget-wrap elementor-element-populated\">\n\t\t\t\t\t\t<div class=\"elementor-element elementor-element-768b25f elementor-widget elementor-widget-cs_title\" data-id=\"768b25f\" data-element_type=\"widget\" data-e-type=\"widget\" data-widget_type=\"cs_title.default\">\n\t\t\t\t<div class=\"elementor-widget-container\">\n\t\t\t\t\t\n        <div class=\"cs-title-wrap text-center\">\t            <h1 class=\"cs-title\">\n\t                Politika e Privat\u00ebsis\u00eb\t            <\/h1>        <\/div>\t\t\t\t<\/div>\n\t\t\t\t<\/div>\n\t\t\t\t\t<\/div>\n\t\t<\/div>\n\t\t\t\t\t<\/div>\n\t\t<\/section>\n\t\t\t\t<section class=\"elementor-section elementor-top-section elementor-element elementor-element-fe1806c elementor-section-boxed elementor-section-height-default elementor-section-height-default\" data-id=\"fe1806c\" data-element_type=\"section\" data-e-type=\"section\">\n\t\t\t\t\t\t<div class=\"elementor-container elementor-column-gap-no\">\n\t\t\t\t\t<div class=\"elementor-column elementor-col-100 elementor-top-column elementor-element elementor-element-9c076c5\" data-id=\"9c076c5\" data-element_type=\"column\" data-e-type=\"column\">\n\t\t\t<div class=\"elementor-widget-wrap elementor-element-populated\">\n\t\t\t\t\t\t<div class=\"elementor-element elementor-element-a640d40 elementor-widget elementor-widget-text-editor\" data-id=\"a640d40\" data-element_type=\"widget\" data-e-type=\"widget\" data-widget_type=\"text-editor.default\">\n\t\t\t\t<div class=\"elementor-widget-container\">\n\t\t\t\t\t\t\t\t\t<p><\/p><p><strong>Privacy Policy for Hanipazarit Hotel<\/strong><\/p><p><strong>Effective Date:<\/strong>\u00a0 18.10.2024<\/p><p>Welcome to Hanipazarit Hotel\u2019s website (hanipazarit.al). Your privacy is important to us. This Privacy Policy outlines how we collect, use, and protect your personal information.<\/p><h3 class=\"wp-block-heading\">1. Information We Collect<\/h3><p>We may collect personal information from you when you:<\/p><ul><li>Make a reservation<\/li><li>Subscribe to our newsletter<\/li><li>Contact us via email or through our website<\/li><li>Fill out a form on our website<\/li><\/ul><p>The types of information we may collect include:<\/p><ul><li>Name<\/li><li>Email address<\/li><li>Phone number<\/li><li>Address<\/li><li>Any other information you provide to us<\/li><\/ul><h3>2. How We Use Your Information<\/h3><p>We may use your information for the following purposes:<\/p><ul><li>To process and manage your reservations<\/li><li>To communicate with you regarding your stay or inquiries<\/li><li>To send you promotional materials, newsletters, and offers (you can opt-out at any time)<\/li><li>To improve our website and services<\/li><li>To comply with legal obligations<\/li><\/ul><h3>3. Data Protection<\/h3><p>We implement a variety of security measures to maintain the safety of your personal information. These measures include encryption, firewalls, and secure server hosting.<\/p><h3>4. Sharing Your Information<\/h3><p>We do not sell or trade your personal information to third parties. We may share your information with trusted third parties who assist us in operating our website, conducting our business, or servicing you, so long as those parties agree to keep this information confidential.<\/p><h3>5. Cookies<\/h3><p>Our website may use &#8220;cookies&#8221; to enhance the user experience. Cookies are small files stored on your device. You can choose to disable cookies through your browser settings, but this may affect your experience on our website.<\/p><h3>6. Your Rights<\/h3><p>You have the right to:<\/p><ul><li>Access the personal information we hold about you<\/li><li>Request corrections to your personal information<\/li><li>Request deletion of your personal information<\/li><li>Object to the processing of your personal information<\/li><\/ul><p>To exercise these rights, please contact us at <a rel=\"noopener\">info@hanipazarit.al<\/a>.<\/p><h3>7. Changes to This Privacy Policy<\/h3><p>We may update this Privacy Policy from time to time. We will notify you about significant changes in the way we treat personal information by sending a notice to the primary email address specified in your account or by placing a prominent notice on our site.<\/p><h3>8. Contact Us<\/h3><p>If you have any questions or concerns about this Privacy Policy, please contact us at:<\/p><p><strong>Hani i Pazarit Hotel<\/strong><br \/>Email: <a rel=\"noopener\">info@hanipazarit.al<\/a><\/p>\t\t\t\t\t\t\t\t<\/div>\n\t\t\t\t<\/div>\n\t\t\t\t\t<\/div>\n\t\t<\/div>\n\t\t\t\t\t<\/div>\n\t\t<\/section>\n\t\t\t\t<\/div>","protected":false},"excerpt":{"rendered":"<p>Privacy Policy Privacy Policy for Hanipazarit Hotel Effective Date:\u00a0 18.10.2024 Welcome to Hanipazarit Hotel\u2019s website (hanipazarit.al). Your privacy is important to us. This Privacy Policy outlines how we collect, use, and protect your personal information. 1. Information We Collect We may collect personal information from you when you: Make a reservation Subscribe to our newsletter &#8230;<\/p>","protected":false},"author":1,"featured_media":0,"parent":0,"menu_order":0,"comment_status":"closed","ping_status":"closed","template":"template-wide-content.php","meta":{"cozystay_single_page_hide_site_header":"","cozystay_single_page_site_header_source":"","cozystay_single_page_custom_site_header":"0","cozystay_single_page_custom_sticky_site_header":"0","cozystay_single_page_hide_page_title":"on","cozystay_single_page_header_section_size":"","cozystay_single_page_header_background_color":"","cozystay_single_page_header_background_position_x":"center","cozystay_single_page_header_background_position_y":"center","cozystay_single_page_header_background_size":"cover","cozystay_single_page_header_background_repeat":"off","cozystay_single_page_header_background_scroll":"on","cozystay_single_page_header_text_color":"","cozystay_single_page_header_show_breadcrumb":"","cozystay_single_page_site_footer_hide_main":"","cozystay_single_custom_site_footer_main_source":"","cozystay_single_custom_site_footer_main":"0","cozystay_single_page_site_footer_hide_above":"","cozystay_single_custom_site_footer_above_source":"","cozystay_single_custom_site_footer_above":"0","cozystay_single_page_site_footer_hide_instagram":"","cozystay_single_page_site_footer_hide_bottom":"","cozystay_single_custom_mobile_menu_source":"","cozystay_single_custom_mobile_menu":"0","cozystay_single_custom_mobile_menu_animation":"","cozystay_single_custom_mobile_menu_width":"","cozystay_single_custom_mobile_menu_custom_width":375,"footnotes":""},"class_list":["post-1913","page","type-page","status-publish","hentry"],"yoast_head":"<!-- This site is optimized with the Yoast SEO plugin v25.6 - https:\/\/yoast.com\/wordpress\/plugins\/seo\/ -->\n<title>Privacy Policy - Hani i Pazarit<\/title>\n<meta name=\"description\" content=\"Mir\u00eb se vini n\u00eb Hani Pazarit n\u00eb Kor\u00e7\u00eb \u2013 nj\u00eb hotel unik me arkitektur\u00eb tradicionale, mikpritje t\u00eb ngroht\u00eb dhe sh\u00ebrbime t\u00eb shk\u00eblqyera. Shijoni nj\u00eb q\u00ebndrim t\u00eb paharruesh\u00ebm n\u00eb zem\u00ebr t\u00eb Kor\u00e7\u00ebs.\" \/>\n<meta name=\"robots\" content=\"index, follow, max-snippet:-1, max-image-preview:large, max-video-preview:-1\" \/>\n<link rel=\"canonical\" href=\"https:\/\/hanipazarit.al\/sq\/privacy-policy\/\" \/>\n<meta property=\"og:locale\" content=\"sq_AL\" \/>\n<meta property=\"og:type\" content=\"article\" \/>\n<meta property=\"og:title\" content=\"Privacy Policy - Hani i Pazarit\" \/>\n<meta property=\"og:description\" content=\"Mir\u00eb se vini n\u00eb Hani Pazarit n\u00eb Kor\u00e7\u00eb \u2013 nj\u00eb hotel unik me arkitektur\u00eb tradicionale, mikpritje t\u00eb ngroht\u00eb dhe sh\u00ebrbime t\u00eb shk\u00eblqyera. Shijoni nj\u00eb q\u00ebndrim t\u00eb paharruesh\u00ebm n\u00eb zem\u00ebr t\u00eb Kor\u00e7\u00ebs.\" \/>\n<meta property=\"og:url\" content=\"https:\/\/hanipazarit.al\/sq\/privacy-policy\/\" \/>\n<meta property=\"og:site_name\" content=\"Hani i Pazarit\" \/>\n<meta property=\"article:modified_time\" content=\"2024-11-27T09:15:42+00:00\" \/>\n<meta name=\"twitter:card\" content=\"summary_large_image\" \/>\n<meta name=\"twitter:label1\" content=\"Est. reading time\" \/>\n\t<meta name=\"twitter:data1\" content=\"2 minuta\" \/>\n<script type=\"application\/ld+json\" class=\"yoast-schema-graph\">{\"@context\":\"https:\/\/schema.org\",\"@graph\":[{\"@type\":\"WebPage\",\"@id\":\"https:\/\/hanipazarit.al\/privacy-policy\/\",\"url\":\"https:\/\/hanipazarit.al\/privacy-policy\/\",\"name\":\"Privacy Policy - Hani i Pazarit\",\"isPartOf\":{\"@id\":\"https:\/\/hanipazarit.al\/#website\"},\"datePublished\":\"2024-10-18T13:32:42+00:00\",\"dateModified\":\"2024-11-27T09:15:42+00:00\",\"description\":\"Mir\u00eb se vini n\u00eb Hani Pazarit n\u00eb Kor\u00e7\u00eb \u2013 nj\u00eb hotel unik me arkitektur\u00eb tradicionale, mikpritje t\u00eb ngroht\u00eb dhe sh\u00ebrbime t\u00eb shk\u00eblqyera. Shijoni nj\u00eb q\u00ebndrim t\u00eb paharruesh\u00ebm n\u00eb zem\u00ebr t\u00eb Kor\u00e7\u00ebs.\",\"breadcrumb\":{\"@id\":\"https:\/\/hanipazarit.al\/privacy-policy\/#breadcrumb\"},\"inLanguage\":\"sq\",\"potentialAction\":[{\"@type\":\"ReadAction\",\"target\":[\"https:\/\/hanipazarit.al\/privacy-policy\/\"]}]},{\"@type\":\"BreadcrumbList\",\"@id\":\"https:\/\/hanipazarit.al\/privacy-policy\/#breadcrumb\",\"itemListElement\":[{\"@type\":\"ListItem\",\"position\":1,\"name\":\"Home\",\"item\":\"https:\/\/hanipazarit.al\/\"},{\"@type\":\"ListItem\",\"position\":2,\"name\":\"Privacy Policy\"}]},{\"@type\":\"WebSite\",\"@id\":\"https:\/\/hanipazarit.al\/#website\",\"url\":\"https:\/\/hanipazarit.al\/\",\"name\":\"Hani i Pazarit\",\"description\":\"Hotel ne korce\",\"publisher\":{\"@id\":\"https:\/\/hanipazarit.al\/#organization\"},\"potentialAction\":[{\"@type\":\"SearchAction\",\"target\":{\"@type\":\"EntryPoint\",\"urlTemplate\":\"https:\/\/hanipazarit.al\/?s={search_term_string}\"},\"query-input\":{\"@type\":\"PropertyValueSpecification\",\"valueRequired\":true,\"valueName\":\"search_term_string\"}}],\"inLanguage\":\"sq\"},{\"@type\":\"Organization\",\"@id\":\"https:\/\/hanipazarit.al\/#organization\",\"name\":\"Hani i Pazarit\",\"url\":\"https:\/\/hanipazarit.al\/\",\"logo\":{\"@type\":\"ImageObject\",\"inLanguage\":\"sq\",\"@id\":\"https:\/\/hanipazarit.al\/#\/schema\/logo\/image\/\",\"url\":\"https:\/\/hanipazarit.al\/wp-content\/uploads\/2023\/03\/logo.png\",\"contentUrl\":\"https:\/\/hanipazarit.al\/wp-content\/uploads\/2023\/03\/logo.png\",\"width\":3937,\"height\":2203,\"caption\":\"Hani i Pazarit\"},\"image\":{\"@id\":\"https:\/\/hanipazarit.al\/#\/schema\/logo\/image\/\"}}]}<\/script>\n<!-- \/ Yoast SEO plugin. -->","yoast_head_json":{"title":"Privacy Policy - Hani i Pazarit","description":"Mir\u00eb se vini n\u00eb Hani Pazarit n\u00eb Kor\u00e7\u00eb \u2013 nj\u00eb hotel unik me arkitektur\u00eb tradicionale, mikpritje t\u00eb ngroht\u00eb dhe sh\u00ebrbime t\u00eb shk\u00eblqyera. Shijoni nj\u00eb q\u00ebndrim t\u00eb paharruesh\u00ebm n\u00eb zem\u00ebr t\u00eb Kor\u00e7\u00ebs.","robots":{"index":"index","follow":"follow","max-snippet":"max-snippet:-1","max-image-preview":"max-image-preview:large","max-video-preview":"max-video-preview:-1"},"canonical":"https:\/\/hanipazarit.al\/sq\/privacy-policy\/","og_locale":"sq_AL","og_type":"article","og_title":"Privacy Policy - Hani i Pazarit","og_description":"Mir\u00eb se vini n\u00eb Hani Pazarit n\u00eb Kor\u00e7\u00eb \u2013 nj\u00eb hotel unik me arkitektur\u00eb tradicionale, mikpritje t\u00eb ngroht\u00eb dhe sh\u00ebrbime t\u00eb shk\u00eblqyera. Shijoni nj\u00eb q\u00ebndrim t\u00eb paharruesh\u00ebm n\u00eb zem\u00ebr t\u00eb Kor\u00e7\u00ebs.","og_url":"https:\/\/hanipazarit.al\/sq\/privacy-policy\/","og_site_name":"Hani i Pazarit","article_modified_time":"2024-11-27T09:15:42+00:00","twitter_card":"summary_large_image","twitter_misc":{"Est. reading time":"2 minuta"},"schema":{"@context":"https:\/\/schema.org","@graph":[{"@type":"WebPage","@id":"https:\/\/hanipazarit.al\/privacy-policy\/","url":"https:\/\/hanipazarit.al\/privacy-policy\/","name":"Privacy Policy - Hani i Pazarit","isPartOf":{"@id":"https:\/\/hanipazarit.al\/#website"},"datePublished":"2024-10-18T13:32:42+00:00","dateModified":"2024-11-27T09:15:42+00:00","description":"Mir\u00eb se vini n\u00eb Hani Pazarit n\u00eb Kor\u00e7\u00eb \u2013 nj\u00eb hotel unik me arkitektur\u00eb tradicionale, mikpritje t\u00eb ngroht\u00eb dhe sh\u00ebrbime t\u00eb shk\u00eblqyera. Shijoni nj\u00eb q\u00ebndrim t\u00eb paharruesh\u00ebm n\u00eb zem\u00ebr t\u00eb Kor\u00e7\u00ebs.","breadcrumb":{"@id":"https:\/\/hanipazarit.al\/privacy-policy\/#breadcrumb"},"inLanguage":"sq","potentialAction":[{"@type":"ReadAction","target":["https:\/\/hanipazarit.al\/privacy-policy\/"]}]},{"@type":"BreadcrumbList","@id":"https:\/\/hanipazarit.al\/privacy-policy\/#breadcrumb","itemListElement":[{"@type":"ListItem","position":1,"name":"Home","item":"https:\/\/hanipazarit.al\/"},{"@type":"ListItem","position":2,"name":"Privacy Policy"}]},{"@type":"WebSite","@id":"https:\/\/hanipazarit.al\/#website","url":"https:\/\/hanipazarit.al\/","name":"Hani i Pazarit","description":"Hotel ne korce","publisher":{"@id":"https:\/\/hanipazarit.al\/#organization"},"potentialAction":[{"@type":"SearchAction","target":{"@type":"EntryPoint","urlTemplate":"https:\/\/hanipazarit.al\/?s={search_term_string}"},"query-input":{"@type":"PropertyValueSpecification","valueRequired":true,"valueName":"search_term_string"}}],"inLanguage":"sq"},{"@type":"Organization","@id":"https:\/\/hanipazarit.al\/#organization","name":"Hani i Pazarit","url":"https:\/\/hanipazarit.al\/","logo":{"@type":"ImageObject","inLanguage":"sq","@id":"https:\/\/hanipazarit.al\/#\/schema\/logo\/image\/","url":"https:\/\/hanipazarit.al\/wp-content\/uploads\/2023\/03\/logo.png","contentUrl":"https:\/\/hanipazarit.al\/wp-content\/uploads\/2023\/03\/logo.png","width":3937,"height":2203,"caption":"Hani i Pazarit"},"image":{"@id":"https:\/\/hanipazarit.al\/#\/schema\/logo\/image\/"}}]}},"_links":{"self":[{"href":"https:\/\/hanipazarit.al\/sq\/wp-json\/wp\/v2\/pages\/1913","targetHints":{"allow":["GET"]}}],"collection":[{"href":"https:\/\/hanipazarit.al\/sq\/wp-json\/wp\/v2\/pages"}],"about":[{"href":"https:\/\/hanipazarit.al\/sq\/wp-json\/wp\/v2\/types\/page"}],"author":[{"embeddable":true,"href":"https:\/\/hanipazarit.al\/sq\/wp-json\/wp\/v2\/users\/1"}],"replies":[{"embeddable":true,"href":"https:\/\/hanipazarit.al\/sq\/wp-json\/wp\/v2\/comments?post=1913"}],"version-history":[{"count":4,"href":"https:\/\/hanipazarit.al\/sq\/wp-json\/wp\/v2\/pages\/1913\/revisions"}],"predecessor-version":[{"id":1917,"href":"https:\/\/hanipazarit.al\/sq\/wp-json\/wp\/v2\/pages\/1913\/revisions\/1917"}],"wp:attachment":[{"href":"https:\/\/hanipazarit.al\/sq\/wp-json\/wp\/v2\/media?parent=1913"}],"curies":[{"name":"wp","href":"https:\/\/api.w.org\/{rel}","templated":true}]}}