{"id":1032,"date":"2023-04-22T11:23:38","date_gmt":"2023-04-22T11:23:38","guid":{"rendered":"https:\/\/cozystay.loftocean.com\/apartment\/?page_id=1032"},"modified":"2024-11-27T09:14:14","modified_gmt":"2024-11-27T09:14:14","slug":"rooms-hani-pazarit","status":"publish","type":"page","link":"https:\/\/hanipazarit.al\/sq\/rooms-hani-pazarit\/","title":{"rendered":"Dhoma &amp; Suita"},"content":{"rendered":"<div data-elementor-type=\"wp-page\" data-elementor-id=\"1032\" class=\"elementor elementor-1032\" data-elementor-post-type=\"page\">\n\t\t\t\t\t\t<section class=\"elementor-section elementor-top-section elementor-element elementor-element-8ecbd63 elementor-section-height-min-height cs-section-content-fullwidth cs-parallax-on-scroll cs_scroll_y_100 elementor-section-boxed elementor-section-height-default elementor-section-items-middle\" data-id=\"8ecbd63\" data-element_type=\"section\" data-e-type=\"section\" data-settings=\"{&quot;background_background&quot;:&quot;classic&quot;}\" data-cs-parallax-y=\"100\" style=\"background-image: none;\" data-cs-background-image=\"https:\/\/hanipazarit.al\/wp-content\/uploads\/2024\/10\/FOT09956.jpg\" data-cs-background-image-alt-text=\"\">\n\t\t\t\t\t\t\t<div class=\"elementor-background-overlay\"><\/div>\n\t\t\t\t\t\t\t<div class=\"elementor-container elementor-column-gap-no\">\n\t\t\t\t\t<div class=\"elementor-column elementor-col-100 elementor-top-column elementor-element elementor-element-47b0f3b dark-color\" data-id=\"47b0f3b\" data-element_type=\"column\" data-e-type=\"column\">\n\t\t\t<div class=\"elementor-widget-wrap elementor-element-populated\">\n\t\t\t\t\t\t<div class=\"elementor-element elementor-element-31c3948 elementor-widget elementor-widget-cs_title\" data-id=\"31c3948\" data-element_type=\"widget\" data-e-type=\"widget\" data-widget_type=\"cs_title.default\">\n\t\t\t\t<div class=\"elementor-widget-container\">\n\t\t\t\t\t\n        <div class=\"cs-title-wrap text-center\">\t            <h1 class=\"cs-title\">\n\t                Book Your Stay\t            <\/h1>\t            <div class=\"cs-title-text\">\n\t                <p>A stay infused with creativity and culture.<\/p>\t            <\/div>        <\/div>\t\t\t\t<\/div>\n\t\t\t\t<\/div>\n\t\t\t\t<div class=\"elementor-element elementor-element-e335082 elementor-widget elementor-widget-shortcode\" data-id=\"e335082\" data-element_type=\"widget\" data-e-type=\"widget\" data-widget_type=\"shortcode.default\">\n\t\t\t\t<div class=\"elementor-widget-container\">\n\t\t\t\t\t\t\t<div class=\"elementor-shortcode\">    <form id=\"bookingForm\" action=\"https:\/\/www.booking.com\/hotel\/al\/hani-i-pazarit.html\" method=\"GET\">\n\t\t<div class=\"form-inputs\">\n\t\t  <label for=\"checkin\">Data e Check-in-it:<\/label>\n          <input type=\"date\" id=\"checkin\" name=\"checkin\" required>\n\t\t<\/div>\n\n        <div class=\"form-inputs\">\n        <label for=\"checkout\">Data e Check-out-it:<\/label>\n        <input type=\"date\" id=\"checkout\" name=\"checkout\" required>\n\t\t<\/div>\n\n\t\t<div class=\"form-inputs\">\n        <label for=\"adults\">T\u00eb rritur:<\/label>\n        <input type=\"number\" id=\"adults\" name=\"adults\" value=\"2\" required>\n\t\t<\/div>\n        <div class=\"form-inputs\">\n        <label for=\"children\">F\u00ebmij\u00eb:<\/label>\n        <input type=\"number\" id=\"children\" name=\"children\" value=\"0\" required>\n\t\t<\/div>\n\t\t<div class=\"form-button\">\n        <button type=\"submit\">Rezervo Tani<\/button>\n\t\t<\/div>\n    <\/form>\n\n    <\/div>\n\t\t\t\t\t\t<\/div>\n\t\t\t\t<\/div>\n\t\t\t\t\t<\/div>\n\t\t<\/div>\n\t\t\t\t\t<\/div>\n\t\t<\/section>\n\t\t<div class=\"elementor-element elementor-element-2d027ca e-con-full e-flex e-con e-parent\" data-id=\"2d027ca\" data-element_type=\"container\" data-e-type=\"container\">\n\t\t\t\t<div class=\"elementor-element elementor-element-df7ccc1 elementor-widget elementor-widget-cs_rooms\" data-id=\"df7ccc1\" data-element_type=\"widget\" data-e-type=\"widget\" data-widget_type=\"cs_rooms.default\">\n\t\t\t\t<div class=\"elementor-widget-container\">\n\t\t\t\t\t                    <div class=\"posts cs-rooms layout-list img-ratio-3-2\">\n                        <div class=\"posts-wrapper cs-rooms-wrapper\">\n    <div class=\"post cs-room-item has-post-thumbnail\">            <div class=\"featured-img\">\n                <a href=\"https:\/\/hanipazarit.al\/sq\/room\/suite-hani-pazarit\/\" aria-label=\"Room Featured Image\"><img fetchpriority=\"high\" decoding=\"async\" width=\"780\" height=\"520\" src=\"https:\/\/hanipazarit.al\/wp-content\/uploads\/2023\/05\/134712111-780x520.jpg\" class=\"attachment-cozystay_780x9999 size-cozystay_780x9999\" alt=\"\" srcset=\"https:\/\/hanipazarit.al\/wp-content\/uploads\/2023\/05\/134712111-780x520.jpg 780w, https:\/\/hanipazarit.al\/wp-content\/uploads\/2023\/05\/134712111-150x100.jpg 150w, https:\/\/hanipazarit.al\/wp-content\/uploads\/2023\/05\/134712111-600x400.jpg 600w, https:\/\/hanipazarit.al\/wp-content\/uploads\/2023\/05\/134712111-300x200.jpg 300w, https:\/\/hanipazarit.al\/wp-content\/uploads\/2023\/05\/134712111-768x512.jpg 768w, https:\/\/hanipazarit.al\/wp-content\/uploads\/2023\/05\/134712111-550x367.jpg 550w, https:\/\/hanipazarit.al\/wp-content\/uploads\/2023\/05\/134712111-370x247.jpg 370w, https:\/\/hanipazarit.al\/wp-content\/uploads\/2023\/05\/134712111-255x170.jpg 255w, https:\/\/hanipazarit.al\/wp-content\/uploads\/2023\/05\/134712111.jpg 1024w\" sizes=\"(max-width: 780px) 100vw, 780px\" \/>                <\/a>            <\/div>\n        <div class=\"post-content cs-room-content\">\n            <header class=\"post-header item-header\">                <h2 class=\"post-title item-title\">\n                    <a href=\"https:\/\/hanipazarit.al\/sq\/room\/suite-hani-pazarit\/\">Suite<\/a>\n                <\/h2>                    <div class=\"item-subtitle\"> 20 m\u00b2 \/ City View \/ 2 Guests<\/div>            <\/header>                <div class=\"post-excerpt item-excerpt\"><p>This suite features a hot tub and a spa bath. This air-conditioned suite is comprised of a flat-screen TV with cable channels, a private bathroom as well as a terrace with city views. The unit has 1 bed.<\/p>\n<\/div>                <footer class=\"post-footer item-footer\">\n                    <div class=\"more-btn\">\n                        <a class=\"read-more-btn button cs-btn-underline\" href=\"https:\/\/hanipazarit.al\/sq\/room\/suite-hani-pazarit\/\">\n                            <span>Discover More<\/span>\n                        <\/a>\n                    <\/div>\n                <\/footer>        <\/div>\n    <\/div>\n                        <\/div>                    <\/div>\t\t\t\t<\/div>\n\t\t\t\t<\/div>\n\t\t\t\t<\/div>\n\t\t\t\t<section class=\"elementor-section elementor-top-section elementor-element elementor-element-7efc604 cs-section-content-fullwidth elementor-section-boxed elementor-section-height-default elementor-section-height-default\" data-id=\"7efc604\" data-element_type=\"section\" data-e-type=\"section\" data-settings=\"{&quot;background_background&quot;:&quot;classic&quot;}\">\n\t\t\t\t\t\t<div class=\"elementor-container elementor-column-gap-no\">\n\t\t\t\t\t<div class=\"elementor-column elementor-col-100 elementor-top-column elementor-element elementor-element-dddda48\" data-id=\"dddda48\" data-element_type=\"column\" data-e-type=\"column\">\n\t\t\t<div class=\"elementor-widget-wrap elementor-element-populated\">\n\t\t\t\t\t\t<section class=\"elementor-section elementor-inner-section elementor-element elementor-element-7a81c1e elementor-section-content-bottom elementor-section-boxed elementor-section-height-default elementor-section-height-default\" data-id=\"7a81c1e\" data-element_type=\"section\" data-e-type=\"section\">\n\t\t\t\t\t\t<div class=\"elementor-container elementor-column-gap-no\">\n\t\t\t\t\t<div class=\"elementor-column elementor-col-50 elementor-inner-column elementor-element elementor-element-c6335e9\" data-id=\"c6335e9\" data-element_type=\"column\" data-e-type=\"column\">\n\t\t\t<div class=\"elementor-widget-wrap elementor-element-populated\">\n\t\t\t\t\t\t<div class=\"elementor-element elementor-element-d5dcb66 elementor-widget elementor-widget-cs_title\" data-id=\"d5dcb66\" data-element_type=\"widget\" data-e-type=\"widget\" data-widget_type=\"cs_title.default\">\n\t\t\t\t<div class=\"elementor-widget-container\">\n\t\t\t\t\t\n        <div class=\"cs-title-wrap\">\t            <div class=\"cs-subtitle-wrap\"><span class=\"cs-subtitle\">The Essential In-Room Amenities<\/span><\/div>\t            <h5 class=\"cs-title\">\n\t                Our spaces have all the essentials you need for your stay.\t            <\/h5>        <\/div>\t\t\t\t<\/div>\n\t\t\t\t<\/div>\n\t\t\t\t\t<\/div>\n\t\t<\/div>\n\t\t\t\t<div class=\"elementor-column elementor-col-50 elementor-inner-column elementor-element elementor-element-b34def8\" data-id=\"b34def8\" data-element_type=\"column\" data-e-type=\"column\">\n\t\t\t<div class=\"elementor-widget-wrap\">\n\t\t\t\t\t\t\t<\/div>\n\t\t<\/div>\n\t\t\t\t\t<\/div>\n\t\t<\/section>\n\t\t\t\t<div class=\"elementor-element elementor-element-4ebbd2b cs-animation-small-offset elementor-invisible elementor-widget elementor-widget-cs_info_box\" data-id=\"4ebbd2b\" data-element_type=\"widget\" data-e-type=\"widget\" data-settings=\"{&quot;_animation&quot;:&quot;fadeInUp&quot;}\" data-widget_type=\"cs_info_box.default\">\n\t\t\t\t<div class=\"elementor-widget-container\">\n\t\t\t\t\t\n\t\t\t<div class=\"cs-info-box column-4 valign-top img-top text-left\">\n                <div class=\"cs-info-box-wrap\">                    <div class=\"cs-info-box-item elementor-repeater-item-6c33aa7\">\n                    \t<div class=\"cs-item-container\">\t                        <div class=\"cs-info-box-img\"><i aria-hidden=\"true\" class=\"flaticon flaticon-customer-service\"><\/i>\t                        <\/div>\t                        <div class=\"cs-info-box-content\">\n\t                            <h5 class=\"cs-title cs-info-box-title\">Housekeeper Services\t\t\t\t\t\t\t\t<\/h5>\t                        <\/div>\t                    <\/div>\n                    <\/div>                    <div class=\"cs-info-box-item elementor-repeater-item-0a01fb1\">\n                    \t<div class=\"cs-item-container\">\t                        <div class=\"cs-info-box-img\"><i aria-hidden=\"true\" class=\"flaticon flaticon-wifi-2\"><\/i>\t                        <\/div>\t                        <div class=\"cs-info-box-content\">\n\t                            <h5 class=\"cs-title cs-info-box-title\">Wifi & Internet\t\t\t\t\t\t\t\t<\/h5>\t                        <\/div>\t                    <\/div>\n                    <\/div>                    <div class=\"cs-info-box-item elementor-repeater-item-bb40a8b\">\n                    \t<div class=\"cs-item-container\">\t                        <div class=\"cs-info-box-img\"><i aria-hidden=\"true\" class=\"flaticon flaticon-laundry-service\"><\/i>\t                        <\/div>\t                        <div class=\"cs-info-box-content\">\n\t                            <h5 class=\"cs-title cs-info-box-title\">Laundry Services\t\t\t\t\t\t\t\t<\/h5>\t                        <\/div>\t                    <\/div>\n                    <\/div>                    <div class=\"cs-info-box-item elementor-repeater-item-55da29c\">\n                    \t<div class=\"cs-item-container\">\t                        <div class=\"cs-info-box-img\"><i aria-hidden=\"true\" class=\"flaticon flaticon-breakfast-2\"><\/i>\t                        <\/div>\t                        <div class=\"cs-info-box-content\">\n\t                            <h5 class=\"cs-title cs-info-box-title\">Breakfast in Bed\t\t\t\t\t\t\t\t<\/h5>\t                        <\/div>\t                    <\/div>\n                    <\/div>                    <div class=\"cs-info-box-item elementor-repeater-item-f41bbb4\">\n                    \t<div class=\"cs-item-container\">\t                        <div class=\"cs-info-box-img\"><i aria-hidden=\"true\" class=\"flaticon flaticon-parking\"><\/i>\t                        <\/div>\t                        <div class=\"cs-info-box-content\">\n\t                            <h5 class=\"cs-title cs-info-box-title\">Private Parking Space\t\t\t\t\t\t\t\t<\/h5>\t                        <\/div>\t                    <\/div>\n                    <\/div>                    <div class=\"cs-info-box-item elementor-repeater-item-3379dfb\">\n                    \t<div class=\"cs-item-container\">\t                        <div class=\"cs-info-box-img\"><i aria-hidden=\"true\" class=\"flaticon flaticon-pool-1\"><\/i>\t                        <\/div>\t                        <div class=\"cs-info-box-content\">\n\t                            <h5 class=\"cs-title cs-info-box-title\">Infinity Pool\t\t\t\t\t\t\t\t<\/h5>\t                            \t<div class=\"cs-info-box-text\"><p>Lorem ipsum proin gravida velit auctor sde re sit amet space.<\/p><\/div>\t                        <\/div>\t                    <\/div>\n                    <\/div>\t\t\t\t<\/div>\n\t\t\t<\/div>\t\t\t\t<\/div>\n\t\t\t\t<\/div>\n\t\t\t\t\t<\/div>\n\t\t<\/div>\n\t\t\t\t\t<\/div>\n\t\t<\/section>\n\t\t\t\t<\/div>","protected":false},"excerpt":{"rendered":"<p>Book Your Stay A stay infused with creativity and culture. Suite 20 m\u00b2 \/ City View \/ 2 Guests This suite features a hot tub and a spa bath. This air-conditioned suite is comprised of a flat-screen TV with cable channels, a private bathroom as well as a terrace with city views. The unit has &#8230;<\/p>","protected":false},"author":1,"featured_media":0,"parent":0,"menu_order":0,"comment_status":"closed","ping_status":"closed","template":"template-wide-content.php","meta":{"cozystay_single_page_hide_site_header":"","cozystay_single_page_site_header_source":"","cozystay_single_page_custom_site_header":"0","cozystay_single_page_custom_sticky_site_header":"0","cozystay_single_page_hide_page_title":"on","cozystay_single_page_header_section_size":"","cozystay_single_page_header_background_color":"","cozystay_single_page_header_background_position_x":"center","cozystay_single_page_header_background_position_y":"center","cozystay_single_page_header_background_size":"cover","cozystay_single_page_header_background_repeat":"off","cozystay_single_page_header_background_scroll":"on","cozystay_single_page_header_text_color":"","cozystay_single_page_header_show_breadcrumb":"","cozystay_single_page_site_footer_hide_main":"","cozystay_single_custom_site_footer_main_source":"","cozystay_single_custom_site_footer_main":"0","cozystay_single_page_site_footer_hide_above":"","cozystay_single_custom_site_footer_above_source":"","cozystay_single_custom_site_footer_above":"0","cozystay_single_page_site_footer_hide_instagram":"","cozystay_single_page_site_footer_hide_bottom":"","cozystay_single_custom_mobile_menu_source":"","cozystay_single_custom_mobile_menu":"0","cozystay_single_custom_mobile_menu_animation":"","cozystay_single_custom_mobile_menu_width":"","cozystay_single_custom_mobile_menu_custom_width":375,"footnotes":""},"class_list":["post-1032","page","type-page","status-publish","hentry"],"yoast_head":"<!-- This site is optimized with the Yoast SEO plugin v25.6 - https:\/\/yoast.com\/wordpress\/plugins\/seo\/ -->\n<title>Rooms - Hani i Pazarit<\/title>\n<meta name=\"description\" content=\"Zgjidhni nga dhomat tona t\u00eb rehatshme n\u00eb Hani Pazarit, dizajnuar me kujdes p\u00ebr t&#039;ju ofruar relaks dhe privat\u00ebsi gjat\u00eb q\u00ebndrimit n\u00eb Kor\u00e7\u00eb.\" \/>\n<meta name=\"robots\" content=\"index, follow, max-snippet:-1, max-image-preview:large, max-video-preview:-1\" \/>\n<link rel=\"canonical\" href=\"https:\/\/hanipazarit.al\/sq\/rooms-hani-pazarit\/\" \/>\n<meta property=\"og:locale\" content=\"sq_AL\" \/>\n<meta property=\"og:type\" content=\"article\" \/>\n<meta property=\"og:title\" content=\"Rooms - Hani i Pazarit\" \/>\n<meta property=\"og:description\" content=\"Zgjidhni nga dhomat tona t\u00eb rehatshme n\u00eb Hani Pazarit, dizajnuar me kujdes p\u00ebr t&#039;ju ofruar relaks dhe privat\u00ebsi gjat\u00eb q\u00ebndrimit n\u00eb Kor\u00e7\u00eb.\" \/>\n<meta property=\"og:url\" content=\"https:\/\/hanipazarit.al\/sq\/rooms-hani-pazarit\/\" \/>\n<meta property=\"og:site_name\" content=\"Hani i Pazarit\" \/>\n<meta property=\"article:modified_time\" content=\"2024-11-27T09:14:14+00:00\" \/>\n<meta property=\"og:image\" content=\"https:\/\/hanipazarit.al\/wp-content\/uploads\/2023\/05\/134712111-780x520.jpg\" \/>\n<meta name=\"twitter:card\" content=\"summary_large_image\" \/>\n<meta name=\"twitter:label1\" content=\"Est. reading time\" \/>\n\t<meta name=\"twitter:data1\" content=\"1 minut\u00eb\" \/>\n<script type=\"application\/ld+json\" class=\"yoast-schema-graph\">{\"@context\":\"https:\/\/schema.org\",\"@graph\":[{\"@type\":\"WebPage\",\"@id\":\"https:\/\/hanipazarit.al\/rooms-hani-pazarit\/\",\"url\":\"https:\/\/hanipazarit.al\/rooms-hani-pazarit\/\",\"name\":\"Rooms - Hani i Pazarit\",\"isPartOf\":{\"@id\":\"https:\/\/hanipazarit.al\/#website\"},\"primaryImageOfPage\":{\"@id\":\"https:\/\/hanipazarit.al\/rooms-hani-pazarit\/#primaryimage\"},\"image\":{\"@id\":\"https:\/\/hanipazarit.al\/rooms-hani-pazarit\/#primaryimage\"},\"thumbnailUrl\":\"https:\/\/hanipazarit.al\/wp-content\/uploads\/2023\/05\/134712111-780x520.jpg\",\"datePublished\":\"2023-04-22T11:23:38+00:00\",\"dateModified\":\"2024-11-27T09:14:14+00:00\",\"description\":\"Zgjidhni nga dhomat tona t\u00eb rehatshme n\u00eb Hani Pazarit, dizajnuar me kujdes p\u00ebr t'ju ofruar relaks dhe privat\u00ebsi gjat\u00eb q\u00ebndrimit n\u00eb Kor\u00e7\u00eb.\",\"breadcrumb\":{\"@id\":\"https:\/\/hanipazarit.al\/rooms-hani-pazarit\/#breadcrumb\"},\"inLanguage\":\"sq\",\"potentialAction\":[{\"@type\":\"ReadAction\",\"target\":[\"https:\/\/hanipazarit.al\/rooms-hani-pazarit\/\"]}]},{\"@type\":\"ImageObject\",\"inLanguage\":\"sq\",\"@id\":\"https:\/\/hanipazarit.al\/rooms-hani-pazarit\/#primaryimage\",\"url\":\"https:\/\/hanipazarit.al\/wp-content\/uploads\/2023\/05\/134712111-780x520.jpg\",\"contentUrl\":\"https:\/\/hanipazarit.al\/wp-content\/uploads\/2023\/05\/134712111-780x520.jpg\"},{\"@type\":\"BreadcrumbList\",\"@id\":\"https:\/\/hanipazarit.al\/rooms-hani-pazarit\/#breadcrumb\",\"itemListElement\":[{\"@type\":\"ListItem\",\"position\":1,\"name\":\"Home\",\"item\":\"https:\/\/hanipazarit.al\/\"},{\"@type\":\"ListItem\",\"position\":2,\"name\":\"Rooms\"}]},{\"@type\":\"WebSite\",\"@id\":\"https:\/\/hanipazarit.al\/#website\",\"url\":\"https:\/\/hanipazarit.al\/\",\"name\":\"Hani i Pazarit\",\"description\":\"Hotel ne korce\",\"publisher\":{\"@id\":\"https:\/\/hanipazarit.al\/#organization\"},\"potentialAction\":[{\"@type\":\"SearchAction\",\"target\":{\"@type\":\"EntryPoint\",\"urlTemplate\":\"https:\/\/hanipazarit.al\/?s={search_term_string}\"},\"query-input\":{\"@type\":\"PropertyValueSpecification\",\"valueRequired\":true,\"valueName\":\"search_term_string\"}}],\"inLanguage\":\"sq\"},{\"@type\":\"Organization\",\"@id\":\"https:\/\/hanipazarit.al\/#organization\",\"name\":\"Hani i Pazarit\",\"url\":\"https:\/\/hanipazarit.al\/\",\"logo\":{\"@type\":\"ImageObject\",\"inLanguage\":\"sq\",\"@id\":\"https:\/\/hanipazarit.al\/#\/schema\/logo\/image\/\",\"url\":\"https:\/\/hanipazarit.al\/wp-content\/uploads\/2023\/03\/logo.png\",\"contentUrl\":\"https:\/\/hanipazarit.al\/wp-content\/uploads\/2023\/03\/logo.png\",\"width\":3937,\"height\":2203,\"caption\":\"Hani i Pazarit\"},\"image\":{\"@id\":\"https:\/\/hanipazarit.al\/#\/schema\/logo\/image\/\"}}]}<\/script>\n<!-- \/ Yoast SEO plugin. -->","yoast_head_json":{"title":"Rooms - Hani i Pazarit","description":"Zgjidhni nga dhomat tona t\u00eb rehatshme n\u00eb Hani Pazarit, dizajnuar me kujdes p\u00ebr t'ju ofruar relaks dhe privat\u00ebsi gjat\u00eb q\u00ebndrimit n\u00eb Kor\u00e7\u00eb.","robots":{"index":"index","follow":"follow","max-snippet":"max-snippet:-1","max-image-preview":"max-image-preview:large","max-video-preview":"max-video-preview:-1"},"canonical":"https:\/\/hanipazarit.al\/sq\/rooms-hani-pazarit\/","og_locale":"sq_AL","og_type":"article","og_title":"Rooms - Hani i Pazarit","og_description":"Zgjidhni nga dhomat tona t\u00eb rehatshme n\u00eb Hani Pazarit, dizajnuar me kujdes p\u00ebr t'ju ofruar relaks dhe privat\u00ebsi gjat\u00eb q\u00ebndrimit n\u00eb Kor\u00e7\u00eb.","og_url":"https:\/\/hanipazarit.al\/sq\/rooms-hani-pazarit\/","og_site_name":"Hani i Pazarit","article_modified_time":"2024-11-27T09:14:14+00:00","og_image":[{"url":"https:\/\/hanipazarit.al\/wp-content\/uploads\/2023\/05\/134712111-780x520.jpg","type":"","width":"","height":""}],"twitter_card":"summary_large_image","twitter_misc":{"Est. reading time":"1 minut\u00eb"},"schema":{"@context":"https:\/\/schema.org","@graph":[{"@type":"WebPage","@id":"https:\/\/hanipazarit.al\/rooms-hani-pazarit\/","url":"https:\/\/hanipazarit.al\/rooms-hani-pazarit\/","name":"Rooms - Hani i Pazarit","isPartOf":{"@id":"https:\/\/hanipazarit.al\/#website"},"primaryImageOfPage":{"@id":"https:\/\/hanipazarit.al\/rooms-hani-pazarit\/#primaryimage"},"image":{"@id":"https:\/\/hanipazarit.al\/rooms-hani-pazarit\/#primaryimage"},"thumbnailUrl":"https:\/\/hanipazarit.al\/wp-content\/uploads\/2023\/05\/134712111-780x520.jpg","datePublished":"2023-04-22T11:23:38+00:00","dateModified":"2024-11-27T09:14:14+00:00","description":"Zgjidhni nga dhomat tona t\u00eb rehatshme n\u00eb Hani Pazarit, dizajnuar me kujdes p\u00ebr t'ju ofruar relaks dhe privat\u00ebsi gjat\u00eb q\u00ebndrimit n\u00eb Kor\u00e7\u00eb.","breadcrumb":{"@id":"https:\/\/hanipazarit.al\/rooms-hani-pazarit\/#breadcrumb"},"inLanguage":"sq","potentialAction":[{"@type":"ReadAction","target":["https:\/\/hanipazarit.al\/rooms-hani-pazarit\/"]}]},{"@type":"ImageObject","inLanguage":"sq","@id":"https:\/\/hanipazarit.al\/rooms-hani-pazarit\/#primaryimage","url":"https:\/\/hanipazarit.al\/wp-content\/uploads\/2023\/05\/134712111-780x520.jpg","contentUrl":"https:\/\/hanipazarit.al\/wp-content\/uploads\/2023\/05\/134712111-780x520.jpg"},{"@type":"BreadcrumbList","@id":"https:\/\/hanipazarit.al\/rooms-hani-pazarit\/#breadcrumb","itemListElement":[{"@type":"ListItem","position":1,"name":"Home","item":"https:\/\/hanipazarit.al\/"},{"@type":"ListItem","position":2,"name":"Rooms"}]},{"@type":"WebSite","@id":"https:\/\/hanipazarit.al\/#website","url":"https:\/\/hanipazarit.al\/","name":"Hani i Pazarit","description":"Hotel ne korce","publisher":{"@id":"https:\/\/hanipazarit.al\/#organization"},"potentialAction":[{"@type":"SearchAction","target":{"@type":"EntryPoint","urlTemplate":"https:\/\/hanipazarit.al\/?s={search_term_string}"},"query-input":{"@type":"PropertyValueSpecification","valueRequired":true,"valueName":"search_term_string"}}],"inLanguage":"sq"},{"@type":"Organization","@id":"https:\/\/hanipazarit.al\/#organization","name":"Hani i Pazarit","url":"https:\/\/hanipazarit.al\/","logo":{"@type":"ImageObject","inLanguage":"sq","@id":"https:\/\/hanipazarit.al\/#\/schema\/logo\/image\/","url":"https:\/\/hanipazarit.al\/wp-content\/uploads\/2023\/03\/logo.png","contentUrl":"https:\/\/hanipazarit.al\/wp-content\/uploads\/2023\/03\/logo.png","width":3937,"height":2203,"caption":"Hani i Pazarit"},"image":{"@id":"https:\/\/hanipazarit.al\/#\/schema\/logo\/image\/"}}]}},"_links":{"self":[{"href":"https:\/\/hanipazarit.al\/sq\/wp-json\/wp\/v2\/pages\/1032","targetHints":{"allow":["GET"]}}],"collection":[{"href":"https:\/\/hanipazarit.al\/sq\/wp-json\/wp\/v2\/pages"}],"about":[{"href":"https:\/\/hanipazarit.al\/sq\/wp-json\/wp\/v2\/types\/page"}],"author":[{"embeddable":true,"href":"https:\/\/hanipazarit.al\/sq\/wp-json\/wp\/v2\/users\/1"}],"replies":[{"embeddable":true,"href":"https:\/\/hanipazarit.al\/sq\/wp-json\/wp\/v2\/comments?post=1032"}],"version-history":[{"count":19,"href":"https:\/\/hanipazarit.al\/sq\/wp-json\/wp\/v2\/pages\/1032\/revisions"}],"predecessor-version":[{"id":1970,"href":"https:\/\/hanipazarit.al\/sq\/wp-json\/wp\/v2\/pages\/1032\/revisions\/1970"}],"wp:attachment":[{"href":"https:\/\/hanipazarit.al\/sq\/wp-json\/wp\/v2\/media?parent=1032"}],"curies":[{"name":"wp","href":"https:\/\/api.w.org\/{rel}","templated":true}]}}